{"id":3044,"date":"2021-05-06T18:39:44","date_gmt":"2021-05-06T16:39:44","guid":{"rendered":"https:\/\/www.suseguellert.de\/imprint\/"},"modified":"2023-04-14T13:50:33","modified_gmt":"2023-04-14T11:50:33","slug":"imprint","status":"publish","type":"page","link":"https:\/\/www.suseguellert.de\/en\/imprint\/","title":{"rendered":"Imprint"},"content":{"rendered":"<div class=\"wpb-content-wrapper\"><p>[vc_row][vc_column][vc_column_text]Suse G\u00fcllert Photography<br \/>\nSuse G\u00fcllert<br \/>\nWelserstra\u00dfe 7<br \/>\n81373 M\u00fcnchen<\/p>\n<p>Telefon +49 (0)89 \/ 159 19 382<br \/>\ninfo@suseguellert.de<\/p>\n<p><strong>Owner<\/strong> Suse G\u00fcllert<br \/>\n<strong>Tax number<\/strong> 147\/151\/50647<\/p>\n<p><strong>Person responsible within the meaning of the Media Act<\/strong><br \/>\nSuse G\u00fcllert<\/p>\n<h3>Image sources<\/h3>\n<p>\u00a9 Suse G\u00fcllert<\/p>\n<h3>Legal<\/h3>\n<p>The contents published on these pages are carefully checked. Nevertheless, I cannot guarantee or assume liability for the accuracy, completeness and timeliness of the content on this website.<\/p>\n<h3>External links<\/h3>\n<p>For your optimal information, you will find links on our pages that refer to pages of third parties. Insofar as this is not obviously recognizable, we point out that it is an external link.<\/p>\n<p>Suse G\u00fcllert has no influence whatsoever on the content and design of the pages of other providers and does not adopt the content of these pages as its own. Suse G\u00fcllert expressly distances itself from information and representations that violate applicable law or morality.<\/p>\n<h3>Disclaimer<\/h3>\n<p>Despite careful control of the content, we assume no liability for the content of external links. The operators of the linked pages are solely responsible for their content.<\/p>\n<h3 align=\"left\">Copyright<\/h3>\n<p class=\"style2 style24\" align=\"left\">The graphic design, the elements, the contents as well as the source code of this website are protected by copyright. Further use and reproduction are only permitted with the written consent of Suse G\u00fcllert or the owners of the respective rights.<br \/>\nIn any case, the statutory copyright provisions apply.<br \/>\nIn case of violation, criminal proceedings will be initiated immediately.<\/p>\n<h3 align=\"left\">Design &amp; Webdesign<\/h3>\n<p>F\u00dcNF O AGENTUR F\u00dcR D|SEIN<br \/>\nGloria Vockerodt-Moog<br \/>\n<a href=\"https:\/\/www.fuenf-o.de\">www.fuenf-o.de<\/a>[\/vc_column_text][\/vc_column][\/vc_row]<\/p>\n<\/div>","protected":false},"excerpt":{"rendered":"<p>[vc_row][vc_column][vc_column_text]Suse G\u00fcllert Photography Suse G\u00fcllert Welserstra\u00dfe 7 81373 M\u00fcnchen Telefon +49 (0)89 \/ 159 19 382 info@suseguellert.de Owner Suse G\u00fcllert Tax number 147\/151\/50647 Person responsible within the meaning of the Media Act Suse G\u00fcllert Image sources \u00a9 Suse G\u00fcllert Legal The contents published on these pages are carefully checked. Nevertheless, I cannot guarantee or assume [&hellip;]<\/p>\n","protected":false},"author":1,"featured_media":0,"parent":0,"menu_order":0,"comment_status":"closed","ping_status":"closed","template":"","meta":{"footnotes":""},"class_list":["post-3044","page","type-page","status-publish","hentry"],"_links":{"self":[{"href":"https:\/\/www.suseguellert.de\/en\/wp-json\/wp\/v2\/pages\/3044","targetHints":{"allow":["GET"]}}],"collection":[{"href":"https:\/\/www.suseguellert.de\/en\/wp-json\/wp\/v2\/pages"}],"about":[{"href":"https:\/\/www.suseguellert.de\/en\/wp-json\/wp\/v2\/types\/page"}],"author":[{"embeddable":true,"href":"https:\/\/www.suseguellert.de\/en\/wp-json\/wp\/v2\/users\/1"}],"replies":[{"embeddable":true,"href":"https:\/\/www.suseguellert.de\/en\/wp-json\/wp\/v2\/comments?post=3044"}],"version-history":[{"count":4,"href":"https:\/\/www.suseguellert.de\/en\/wp-json\/wp\/v2\/pages\/3044\/revisions"}],"predecessor-version":[{"id":3217,"href":"https:\/\/www.suseguellert.de\/en\/wp-json\/wp\/v2\/pages\/3044\/revisions\/3217"}],"wp:attachment":[{"href":"https:\/\/www.suseguellert.de\/en\/wp-json\/wp\/v2\/media?parent=3044"}],"curies":[{"name":"wp","href":"https:\/\/api.w.org\/{rel}","templated":true}]}}